{"id":1100,"date":"2016-04-25T09:38:04","date_gmt":"2016-04-25T09:38:04","guid":{"rendered":"http:\/\/sppt.ro\/?page_id=1100"},"modified":"2016-04-25T11:43:27","modified_gmt":"2016-04-25T11:43:27","slug":"covasna-2016-2","status":"publish","type":"page","link":"http:\/\/sppt.ro\/?page_id=1100","title":{"rendered":"Covasna 2016"},"content":{"rendered":"<p style=\"text-align: center; font-size: 16px; font-family: Cambria;\"><span style=\"color: #003300;\">Avem onoarea de a v\u0103 invita s\u0103 lua\u0163i parte la cea de-a XXXV-a edi\u0163ie <\/span><\/p>\n<p style=\"text-align: center; font-size: 22px; font-family: Cambria;\"><span style=\"color: #003300;\"><strong>a Conferin\u0163ei Na\u0163ionale a Societ\u0103\u0163ii de Protec\u0163ia Plantelor Transilvania, care va avea loc \u00een perioada 19-20 Mai 2016, Covasna.\u00a0 <\/strong><\/span><\/p>\n<p style=\"text-align: justify;\"><span style=\"color: #003300;\">Evenimentul este organizat cu suportul Autorit\u0103\u0163ii Na\u0163ionale Fitosanitare prin implicarea direct\u0103 a Oficiului Fitosanitar Covasna, a Universit\u0103\u0163ii de \u015etiin\u0163e Agricole \u015fi Medicin\u0103 Veterinar\u0103 din Cluj Napoca, a firmelor din domeniul protec\u0163iei plantelor, agen\u0163iolor economici \u015fi a produc\u0103torilor agricoli din jude\u0163ul Covasna.<\/span><\/p>\n<p style=\"text-align: right; font-family: Calibri;\"><span style=\"color: #800000;\"><a style=\"color: #800000;\" href=\"http:\/\/sppt.ro\/?page_id=1129\">Loca\u0163ie<\/a>\u00a0 \u00a6\u00a0 Program<\/span><\/p>\n<p style=\"text-align: justify;\">\n","protected":false},"excerpt":{"rendered":"<p>Avem onoarea de a v\u0103 invita s\u0103 lua\u0163i parte la cea de-a XXXV-a edi\u0163ie a Conferin\u0163ei Na\u0163ionale a Societ\u0103\u0163ii de Protec\u0163ia Plantelor Transilvania, care va avea loc \u00een perioada 19-20 Mai 2016, Covasna.\u00a0 Evenimentul este organizat cu suportul Autorit\u0103\u0163ii Na\u0163ionale Fitosanitare prin implicarea direct\u0103 a Oficiului Fitosanitar Covasna, a Universit\u0103\u0163ii de \u015etiin\u0163e Agricole \u015fi Medicin\u0103 [&hellip;]<\/p>\n","protected":false},"author":1,"featured_media":0,"parent":0,"menu_order":0,"comment_status":"closed","ping_status":"closed","template":"general.php","meta":{"ngg_post_thumbnail":0,"footnotes":""},"_links":{"self":[{"href":"http:\/\/sppt.ro\/index.php?rest_route=\/wp\/v2\/pages\/1100"}],"collection":[{"href":"http:\/\/sppt.ro\/index.php?rest_route=\/wp\/v2\/pages"}],"about":[{"href":"http:\/\/sppt.ro\/index.php?rest_route=\/wp\/v2\/types\/page"}],"author":[{"embeddable":true,"href":"http:\/\/sppt.ro\/index.php?rest_route=\/wp\/v2\/users\/1"}],"replies":[{"embeddable":true,"href":"http:\/\/sppt.ro\/index.php?rest_route=%2Fwp%2Fv2%2Fcomments&post=1100"}],"version-history":[{"count":24,"href":"http:\/\/sppt.ro\/index.php?rest_route=\/wp\/v2\/pages\/1100\/revisions"}],"predecessor-version":[{"id":1142,"href":"http:\/\/sppt.ro\/index.php?rest_route=\/wp\/v2\/pages\/1100\/revisions\/1142"}],"wp:attachment":[{"href":"http:\/\/sppt.ro\/index.php?rest_route=%2Fwp%2Fv2%2Fmedia&parent=1100"}],"curies":[{"name":"wp","href":"https:\/\/api.w.org\/{rel}","templated":true}]}}