{"id":1129,"date":"2016-04-25T11:22:38","date_gmt":"2016-04-25T11:22:38","guid":{"rendered":"http:\/\/sppt.ro\/?page_id=1129"},"modified":"2016-04-25T11:38:05","modified_gmt":"2016-04-25T11:38:05","slug":"locatie-conferinta-35","status":"publish","type":"page","link":"http:\/\/sppt.ro\/?page_id=1129","title":{"rendered":"locatie conferinta 35"},"content":{"rendered":"<p style=\"text-align: center;\"><span style=\"color: #003300;\">Cea de-a XXXV-a\u00a0 Conferin\u0163\u0103 a Societ\u0103\u0163ii de Protec\u0163ia Plantelor Transilvania,\u00a0 va avea loc \u00een perioada 19-20 Mai 2016\u00a0 \u00een <strong>Sala de conferin\u0163\u0103 Hotel Mercur,<\/strong> Strada Mihai Eminescu 225, 525200, Covasna.<\/span><\/p>\n<p style=\"text-align: center;\"><a href=\"http:\/\/sppt.ro\/wp-content\/uploads\/2016\/04\/confe-mercur.jpg\" rel=\"attachment wp-att-1131\"><img decoding=\"async\" loading=\"lazy\" class=\"size-medium wp-image-1131 alignright\" src=\"http:\/\/sppt.ro\/wp-content\/uploads\/2016\/04\/confe-mercur-300x200.jpg\" alt=\"confe mercur\" width=\"300\" height=\"200\" srcset=\"http:\/\/sppt.ro\/wp-content\/uploads\/2016\/04\/confe-mercur-300x200.jpg 300w, http:\/\/sppt.ro\/wp-content\/uploads\/2016\/04\/confe-mercur-768x512.jpg 768w, http:\/\/sppt.ro\/wp-content\/uploads\/2016\/04\/confe-mercur.jpg 800w\" sizes=\"(max-width: 300px) 100vw, 300px\" \/><\/a> <img decoding=\"async\" loading=\"lazy\" class=\"alignleft wp-image-1132 size-full\" src=\"http:\/\/sppt.ro\/wp-content\/uploads\/2016\/04\/harta.jpg\" alt=\"harta\" width=\"832\" height=\"291\" srcset=\"http:\/\/sppt.ro\/wp-content\/uploads\/2016\/04\/harta.jpg 832w, http:\/\/sppt.ro\/wp-content\/uploads\/2016\/04\/harta-300x105.jpg 300w, http:\/\/sppt.ro\/wp-content\/uploads\/2016\/04\/harta-768x269.jpg 768w\" sizes=\"(max-width: 832px) 100vw, 832px\" \/><\/p>\n","protected":false},"excerpt":{"rendered":"<p>Cea de-a XXXV-a\u00a0 Conferin\u0163\u0103 a Societ\u0103\u0163ii de Protec\u0163ia Plantelor Transilvania,\u00a0 va avea loc \u00een perioada 19-20 Mai 2016\u00a0 \u00een Sala de conferin\u0163\u0103 Hotel Mercur, Strada Mihai Eminescu 225, 525200, Covasna.<\/p>\n","protected":false},"author":1,"featured_media":0,"parent":1100,"menu_order":0,"comment_status":"closed","ping_status":"closed","template":"general.php","meta":{"ngg_post_thumbnail":0,"footnotes":""},"_links":{"self":[{"href":"http:\/\/sppt.ro\/index.php?rest_route=\/wp\/v2\/pages\/1129"}],"collection":[{"href":"http:\/\/sppt.ro\/index.php?rest_route=\/wp\/v2\/pages"}],"about":[{"href":"http:\/\/sppt.ro\/index.php?rest_route=\/wp\/v2\/types\/page"}],"author":[{"embeddable":true,"href":"http:\/\/sppt.ro\/index.php?rest_route=\/wp\/v2\/users\/1"}],"replies":[{"embeddable":true,"href":"http:\/\/sppt.ro\/index.php?rest_route=%2Fwp%2Fv2%2Fcomments&post=1129"}],"version-history":[{"count":5,"href":"http:\/\/sppt.ro\/index.php?rest_route=\/wp\/v2\/pages\/1129\/revisions"}],"predecessor-version":[{"id":1133,"href":"http:\/\/sppt.ro\/index.php?rest_route=\/wp\/v2\/pages\/1129\/revisions\/1133"}],"up":[{"embeddable":true,"href":"http:\/\/sppt.ro\/index.php?rest_route=\/wp\/v2\/pages\/1100"}],"wp:attachment":[{"href":"http:\/\/sppt.ro\/index.php?rest_route=%2Fwp%2Fv2%2Fmedia&parent=1129"}],"curies":[{"name":"wp","href":"https:\/\/api.w.org\/{rel}","templated":true}]}}