{"id":336,"date":"2015-03-29T14:28:39","date_gmt":"2015-03-29T14:28:39","guid":{"rendered":"http:\/\/sppt.ro\/?page_id=336"},"modified":"2015-04-06T14:05:10","modified_gmt":"2015-04-06T14:05:10","slug":"revista-nr-94","status":"publish","type":"page","link":"http:\/\/sppt.ro\/?page_id=336","title":{"rendered":"Revista Nr. 94"},"content":{"rendered":"<p>Revista Protectia Plantelor NR. 94<\/p>\n<div id=\"revimage\"><a href=\"http:\/\/sppt.ro\/wp-content\/uploads\/2014\/06\/cop94-e1427638941421.jpg\"><img decoding=\"async\" loading=\"lazy\" class=\" wp-image-323 size-full alignnone\" src=\"http:\/\/sppt.ro\/wp-content\/uploads\/2014\/06\/cop94-e1427638941421.jpg\" alt=\"cop94\" width=\"150\" height=\"203\" \/><\/a>\n<\/div>\n<div id=\"revblock\">\n<a href=\"http:\/\/sppt.ro\/wp-content\/uploads\/2015\/03\/Rev-PP-nr-94_1.pdf\">1. Probleme mari privind bolile la gr\u00e2u<\/a><br \/>\nBERCA Mihai<\/p>\n<p><a href=\"http:\/\/sppt.ro\/wp-content\/uploads\/2015\/03\/Rev-PP-nr-94_2.pdf\">2. Rezultate experimentale privind atacul de monilioz\u0103 (<em>Monilinia spp.<\/em>), pe l\u0103starii de prun, C\u0103lacea, jude\u0163ul S\u0103laj (2007-2009)<\/a><br \/>\nSTANA Marius, OROIAN Ioan, FLORIAN Vasile, PETRESCU-MAG Valentin<\/p>\n<p><a href=\"http:\/\/sppt.ro\/wp-content\/uploads\/2015\/03\/Rev-PP-nr-94_3.pdf\">3. Protej\u00e2nd albinele protej\u0103m produc\u0163ia agricol\u0103 vegetal\u0103, protej\u0103m via\u0163a pe p\u0103m\u00e2nt<\/a><br \/>\nTOM\u015eA Mihai, TOM\u015eA Elena<\/p>\n<p><a href=\"http:\/\/sppt.ro\/wp-content\/uploads\/2015\/03\/Rev-PP-nr-94_4.pdf\">4. Aspecte privind determinarea reziduurilor de pesticide din plante \u015fi produse vegetale<\/a><br \/>\nBLOJ C\u0103t\u0103lina, MEGHE\u015eAN-BREJA Adela<\/p>\n<p><a href=\"http:\/\/sppt.ro\/wp-content\/uploads\/2015\/03\/Rev-PP-nr-94_5.pdf\">5. T\u0103ierile abuzive &#8211; factorul principal \u00een declinului prunului \u015fi a altor specii lemnoase <\/a><br \/>\nBEREKMERI Valentin<\/p>\n<p><a href=\"http:\/\/sppt.ro\/wp-content\/uploads\/2015\/03\/Rev-PP-nr-94_6.pdf\">6. Microorganismele \u0219i rolul lor \u00een circuitul azotului \u00een natur\u0103<\/a><br \/>\nSTOIAN Vlad, VIDICAN Roxana<\/p>\n<p><a href=\"http:\/\/sppt.ro\/wp-content\/uploads\/2015\/03\/Rev-PP-nr-94_7.pdf\">7. Program orientativ de control al bolilor \u015fi d\u0103un\u0103torilor din culturile de tomate \u2013 \u00een spa\u0163ii protejate<\/a><br \/>\nMIHAI-OROIAN Constantin, FLORIAN Vasile<\/p>\n<p><a href=\"http:\/\/sppt.ro\/wp-content\/uploads\/2015\/03\/Rev-PP-nr-94_8.pdf\">8. Cercet\u0103ri privind biologia \u015fi combaterea cu extracte din plante a putregaiului cenu\u015fiu provocat de <em>Botrytis cinerea pers<\/em> &#8211; rezumat al tezei de doctorat<\/a><br \/>\nMICLEA Raluca<\/div>\n","protected":false},"excerpt":{"rendered":"<p>Revista Protectia Plantelor NR. 94 1. Probleme mari privind bolile la gr\u00e2u BERCA Mihai 2. Rezultate experimentale privind atacul de monilioz\u0103 (Monilinia spp.), pe l\u0103starii de prun, C\u0103lacea, jude\u0163ul S\u0103laj (2007-2009) STANA Marius, OROIAN Ioan, FLORIAN Vasile, PETRESCU-MAG Valentin 3. Protej\u00e2nd albinele protej\u0103m produc\u0163ia agricol\u0103 vegetal\u0103, protej\u0103m via\u0163a pe p\u0103m\u00e2nt TOM\u015eA Mihai, TOM\u015eA Elena 4. [&hellip;]<\/p>\n","protected":false},"author":1,"featured_media":0,"parent":0,"menu_order":0,"comment_status":"open","ping_status":"open","template":"revista.php","meta":{"ngg_post_thumbnail":0,"footnotes":""},"_links":{"self":[{"href":"http:\/\/sppt.ro\/index.php?rest_route=\/wp\/v2\/pages\/336"}],"collection":[{"href":"http:\/\/sppt.ro\/index.php?rest_route=\/wp\/v2\/pages"}],"about":[{"href":"http:\/\/sppt.ro\/index.php?rest_route=\/wp\/v2\/types\/page"}],"author":[{"embeddable":true,"href":"http:\/\/sppt.ro\/index.php?rest_route=\/wp\/v2\/users\/1"}],"replies":[{"embeddable":true,"href":"http:\/\/sppt.ro\/index.php?rest_route=%2Fwp%2Fv2%2Fcomments&post=336"}],"version-history":[{"count":24,"href":"http:\/\/sppt.ro\/index.php?rest_route=\/wp\/v2\/pages\/336\/revisions"}],"predecessor-version":[{"id":584,"href":"http:\/\/sppt.ro\/index.php?rest_route=\/wp\/v2\/pages\/336\/revisions\/584"}],"wp:attachment":[{"href":"http:\/\/sppt.ro\/index.php?rest_route=%2Fwp%2Fv2%2Fmedia&parent=336"}],"curies":[{"name":"wp","href":"https:\/\/api.w.org\/{rel}","templated":true}]}}