{"id":401,"date":"2015-03-29T15:49:12","date_gmt":"2015-03-29T15:49:12","guid":{"rendered":"http:\/\/sppt.ro\/?page_id=401"},"modified":"2015-04-06T14:12:13","modified_gmt":"2015-04-06T14:12:13","slug":"revista-nr-93","status":"publish","type":"page","link":"http:\/\/sppt.ro\/?page_id=401","title":{"rendered":"Revista Nr. 93"},"content":{"rendered":"<p>Revista Protectia Plantelor Nr. 93<\/p>\n<div id=\"revimage\">\n<a href=\"http:\/\/sppt.ro\/wp-content\/uploads\/2014\/06\/cop93.jpg\"><img decoding=\"async\" loading=\"lazy\" class=\"alignnone size-full wp-image-432\" src=\"http:\/\/sppt.ro\/wp-content\/uploads\/2014\/06\/cop93.jpg\" alt=\"cop93\" width=\"150\" height=\"198\" \/><\/a>\n<\/div>\n<div id=\"revblock\">\n<a href=\"http:\/\/sppt.ro\/wp-content\/uploads\/2015\/03\/Rev-PP-nr-93_1.pdf\">1. Program orientativ pentru prevenirea \u015fi combaterea integrat\u0103 a buruienilor, bolilor \u015fi d\u0103un\u0103torilor la cartof<\/a><br \/>\nDONESCU Daniela, HERMEZIU Manuela<\/p>\n<p><a href=\"http:\/\/sppt.ro\/wp-content\/uploads\/2015\/03\/Rev-PP-nr-93_2.pdf\">2. Program orientativ pentru prevenirea \u015fi combaterea integrat\u0103 a buruienilor, bolilor \u015fi d\u0103un\u0103torilor la sfecla de zah\u0103r<\/a><br \/>\nGHERMAN Ioan<\/p>\n<p><a href=\"http:\/\/sppt.ro\/wp-content\/uploads\/2015\/03\/Rev-PP-nr-93_3.pdf\">3. Program orientativ pentru prevenirea \u015fi combaterea integrat\u0103 a buruienilor, bolilor \u015fi d\u0103un\u0103torilor la speciile prun, cire\u015f \u015fi vi\u015fin<\/a><br \/>\nPLATON Ioan<\/p>\n<p><a href=\"http:\/\/sppt.ro\/wp-content\/uploads\/2015\/03\/Rev-PP-nr-93_4.pdf\">4. Program orientativ pentru prevenirea \u015fi combaterea integrat\u0103 a buruienilor, bolilor \u015fi d\u0103un\u0103torilor la m\u0103r<\/a><br \/>\nTOM\u015eA Mihai<\/p>\n<p><a href=\"http:\/\/sppt.ro\/wp-content\/uploads\/2015\/03\/Rev-PP-nr-93_5.pdf\">5. Program orientativ pentru prevenirea si combaterea integrata a buruienilor, bolilor daunatorilor la floarea soarelui<\/a><br \/>\nPOG\u0102CIAN Marian, CRISTEA Olga<\/p>\n<p><a href=\"http:\/\/sppt.ro\/wp-content\/uploads\/2015\/03\/Rev-PP-nr-93_6.pdf\">6. Program orientativ pentru prevenirea \u015fi combaterea integrat\u0103 a buruienilor, bolilor \u015fi d\u0103un\u0103torilor la cultura de cereale p\u01ceioase \u015fi porumb<\/a><br \/>\nMURE\u015eAN Felicia, SUCIU Loredana<\/p>\n<p><a href=\"http:\/\/sppt.ro\/wp-content\/uploads\/2015\/03\/Rev-PP-nr-93_7.pdf\">7. Tratamentele fitosanitare \u0219i protec\u021bia albinelor<\/a><br \/>\nMihai TOM\u015eA<\/p>\n<p><a href=\"http:\/\/sppt.ro\/wp-content\/uploads\/2015\/03\/Rev-PP-nr-93_8.pdf\">8. Ecologia nematozilor cu chi\u015fti ai cartofului (<em>Globodera spp.<\/em>), plante gazde atacate \u0219i posibile simptome<\/a><br \/>\nBORO\u0218 Leonard<\/p>\n<p><a href=\"http:\/\/sppt.ro\/wp-content\/uploads\/2015\/03\/Rev-PP-nr-93_9.pdf\">9. Tehnologia BAYER de protec\u0163ie a culturilor de cereale<\/a><\/p>\n<p><a href=\"http:\/\/sppt.ro\/wp-content\/uploads\/2015\/03\/Rev-PP-nr-93_10.pdf\">10. Proiectul ENTEM &#8211; agricultur\u0103 inteligent\u0103<\/a>\n<\/div>\n","protected":false},"excerpt":{"rendered":"<p>Revista Protectia Plantelor Nr. 93 1. Program orientativ pentru prevenirea \u015fi combaterea integrat\u0103 a buruienilor, bolilor \u015fi d\u0103un\u0103torilor la cartof DONESCU Daniela, HERMEZIU Manuela 2. Program orientativ pentru prevenirea \u015fi combaterea integrat\u0103 a buruienilor, bolilor \u015fi d\u0103un\u0103torilor la sfecla de zah\u0103r GHERMAN Ioan 3. Program orientativ pentru prevenirea \u015fi combaterea integrat\u0103 a buruienilor, bolilor \u015fi [&hellip;]<\/p>\n","protected":false},"author":1,"featured_media":0,"parent":0,"menu_order":0,"comment_status":"open","ping_status":"open","template":"revista.php","meta":{"ngg_post_thumbnail":0,"footnotes":""},"_links":{"self":[{"href":"http:\/\/sppt.ro\/index.php?rest_route=\/wp\/v2\/pages\/401"}],"collection":[{"href":"http:\/\/sppt.ro\/index.php?rest_route=\/wp\/v2\/pages"}],"about":[{"href":"http:\/\/sppt.ro\/index.php?rest_route=\/wp\/v2\/types\/page"}],"author":[{"embeddable":true,"href":"http:\/\/sppt.ro\/index.php?rest_route=\/wp\/v2\/users\/1"}],"replies":[{"embeddable":true,"href":"http:\/\/sppt.ro\/index.php?rest_route=%2Fwp%2Fv2%2Fcomments&post=401"}],"version-history":[{"count":10,"href":"http:\/\/sppt.ro\/index.php?rest_route=\/wp\/v2\/pages\/401\/revisions"}],"predecessor-version":[{"id":585,"href":"http:\/\/sppt.ro\/index.php?rest_route=\/wp\/v2\/pages\/401\/revisions\/585"}],"wp:attachment":[{"href":"http:\/\/sppt.ro\/index.php?rest_route=%2Fwp%2Fv2%2Fmedia&parent=401"}],"curies":[{"name":"wp","href":"https:\/\/api.w.org\/{rel}","templated":true}]}}