{"id":406,"date":"2015-03-29T15:52:09","date_gmt":"2015-03-29T15:52:09","guid":{"rendered":"http:\/\/sppt.ro\/?page_id=406"},"modified":"2015-04-06T14:20:56","modified_gmt":"2015-04-06T14:20:56","slug":"revista-nr-89-90","status":"publish","type":"page","link":"http:\/\/sppt.ro\/?page_id=406","title":{"rendered":"Revista Nr. 89-90"},"content":{"rendered":"<p>Revista Protectia Plantelor Nr. 89-90<\/p>\n<div id=\"revimage\">\n<a href=\"http:\/\/sppt.ro\/wp-content\/uploads\/2014\/06\/cop89-90.jpg\"><img decoding=\"async\" loading=\"lazy\" class=\"alignnone size-full wp-image-341\" src=\"http:\/\/sppt.ro\/wp-content\/uploads\/2014\/06\/cop89-90.jpg\" alt=\"cop89-90\" width=\"150\" height=\"201\" \/><\/a>\n<\/div>\n<div id=\"revblock\">\n<a href=\"http:\/\/sppt.ro\/wp-content\/uploads\/2015\/03\/Rev-PP-nr-89-90_1.pdf\">1. Cercet\u0103ri privind morfologia, bioecologia \u015fi combaterea principalilor d\u00e3un\u00e3tori din stocurile de cereale depozitate \u015fi a d\u00e3un\u00e3torului de carantin\u00e3 <em>Trogoderma granarium everts<\/em> &#8211; referat apreciere<\/a><br \/>\nOLTEAN Ion<\/p>\n<p><a href=\"http:\/\/sppt.ro\/wp-content\/uploads\/2015\/03\/Rev-PP-nr-89-90_2.pdf\">2. Cercet\u0103ri privind morfologia, bioecologia \u015fi combaterea moliei miniere a frunzelor castanului ornamental,<em>Cameraria ohridella deschka &amp; dimi\u010d<\/em> &#8211; referat apreciere<\/a><br \/>\nOLTEAN Ion<\/p>\n<p><a href=\"http:\/\/sppt.ro\/wp-content\/uploads\/2015\/03\/Rev-PP-nr-89-90_3.pdf\">3. Cercet\u0103ri privind morfologia, bioecologia \u015fi combaterea integrat\u0103 a musculi\u0163ei albe de ser\u0103, <em>Trialeurodes vaporariorum westwood<\/em>, d\u0103un\u0103tor al culturilor de tomate \u00een spa\u0163iile protejate &#8211; referat apreciere<\/a><br \/>\nOLTEAN Ion\n<\/div>\n","protected":false},"excerpt":{"rendered":"<p>Revista Protectia Plantelor Nr. 89-90 1. Cercet\u0103ri privind morfologia, bioecologia \u015fi combaterea principalilor d\u00e3un\u00e3tori din stocurile de cereale depozitate \u015fi a d\u00e3un\u00e3torului de carantin\u00e3 Trogoderma granarium everts &#8211; referat apreciere OLTEAN Ion 2. Cercet\u0103ri privind morfologia, bioecologia \u015fi combaterea moliei miniere a frunzelor castanului ornamental,Cameraria ohridella deschka &amp; dimi\u010d &#8211; referat apreciere OLTEAN Ion 3. [&hellip;]<\/p>\n","protected":false},"author":1,"featured_media":0,"parent":0,"menu_order":0,"comment_status":"open","ping_status":"open","template":"revista.php","meta":{"ngg_post_thumbnail":0,"footnotes":""},"_links":{"self":[{"href":"http:\/\/sppt.ro\/index.php?rest_route=\/wp\/v2\/pages\/406"}],"collection":[{"href":"http:\/\/sppt.ro\/index.php?rest_route=\/wp\/v2\/pages"}],"about":[{"href":"http:\/\/sppt.ro\/index.php?rest_route=\/wp\/v2\/types\/page"}],"author":[{"embeddable":true,"href":"http:\/\/sppt.ro\/index.php?rest_route=\/wp\/v2\/users\/1"}],"replies":[{"embeddable":true,"href":"http:\/\/sppt.ro\/index.php?rest_route=%2Fwp%2Fv2%2Fcomments&post=406"}],"version-history":[{"count":6,"href":"http:\/\/sppt.ro\/index.php?rest_route=\/wp\/v2\/pages\/406\/revisions"}],"predecessor-version":[{"id":1119,"href":"http:\/\/sppt.ro\/index.php?rest_route=\/wp\/v2\/pages\/406\/revisions\/1119"}],"wp:attachment":[{"href":"http:\/\/sppt.ro\/index.php?rest_route=%2Fwp%2Fv2%2Fmedia&parent=406"}],"curies":[{"name":"wp","href":"https:\/\/api.w.org\/{rel}","templated":true}]}}